{"id":1485,"date":"2020-11-23T11:53:41","date_gmt":"2020-11-23T11:53:41","guid":{"rendered":"https:\/\/augustine.qodeinteractive.com\/?page_id=1485"},"modified":"2021-12-03T09:21:30","modified_gmt":"2021-12-03T09:21:30","slug":"horizontal-slider","status":"publish","type":"page","link":"https:\/\/www.atrium-apartments.cz\/en\/","title":{"rendered":"Homepage"},"content":{"rendered":"<div data-elementor-type=\"wp-page\" data-elementor-id=\"1485\" class=\"elementor elementor-1485\">\n\t\t\t\t\t\t<section class=\"elementor-section elementor-top-section elementor-element elementor-element-1b15c48 elementor-section-boxed elementor-section-height-default elementor-section-height-default qodef-elementor-content-no\" data-id=\"1b15c48\" data-element_type=\"section\" data-e-type=\"section\">\n\t\t\t\t\t\t<div class=\"elementor-container elementor-column-gap-default\">\n\t\t\t\t\t<div class=\"elementor-column elementor-col-100 elementor-top-column elementor-element elementor-element-401a61a\" data-id=\"401a61a\" data-element_type=\"column\" data-e-type=\"column\">\n\t\t\t<div class=\"elementor-widget-wrap elementor-element-populated\">\n\t\t\t\t\t\t<div class=\"elementor-element elementor-element-cfb5db2 elementor-widget elementor-widget-qi_addons_for_elementor_blog_list\" data-id=\"cfb5db2\" data-element_type=\"widget\" data-e-type=\"widget\" data-widget_type=\"qi_addons_for_elementor_blog_list.default\">\n\t\t\t\t<div class=\"elementor-widget-container\">\n\t\t\t\t\t<div class=\"qodef-shortcode qodef-m qodef-addons-blog-list qodef-info-no-icons qodef-image--hover-zoom qodef-qi-grid qodef-layout--qi-columns qodef-col-num--2 qodef-item-layout--boxed qodef-responsive--predefined\" >\n\t<div class=\"qodef-grid-inner\">\n\t\t<article class=\"qodef-e qodef-blog-item qodef-grid-item qodef-item--full post-11726 post type-post status-publish format-standard has-post-thumbnail hentry category-novinka\">\n\t<div class=\"qodef-e-inner\">\n\t\t<div class=\"qodef-e-media-holder\">\n\t\t\t<div class=\"qodef-e-media\">\n\t\t<div class=\"qodef-e-media-image\">\n\t\t<a itemprop=\"url\" href=\"https:\/\/www.atrium-apartments.cz\/en\/kolonie-apartments\/\">\n\t\t\t<img fetchpriority=\"high\" decoding=\"async\" width=\"1700\" height=\"1133\" src=\"https:\/\/www.atrium-apartments.cz\/wp-content\/uploads\/2026\/02\/IMG-20260205-WA0025.jpg\" class=\"attachment-full size-full\" alt=\"\" srcset=\"https:\/\/www.atrium-apartments.cz\/wp-content\/uploads\/2026\/02\/IMG-20260205-WA0025.jpg 1700w, https:\/\/www.atrium-apartments.cz\/wp-content\/uploads\/2026\/02\/IMG-20260205-WA0025-300x200.jpg 300w, https:\/\/www.atrium-apartments.cz\/wp-content\/uploads\/2026\/02\/IMG-20260205-WA0025-1024x682.jpg 1024w, https:\/\/www.atrium-apartments.cz\/wp-content\/uploads\/2026\/02\/IMG-20260205-WA0025-768x512.jpg 768w, https:\/\/www.atrium-apartments.cz\/wp-content\/uploads\/2026\/02\/IMG-20260205-WA0025-1536x1024.jpg 1536w, https:\/\/www.atrium-apartments.cz\/wp-content\/uploads\/2026\/02\/IMG-20260205-WA0025-18x12.jpg 18w\" sizes=\"(max-width: 1700px) 100vw, 1700px\" \/>\t\t<\/a>\n\t\t\t<\/div>\n<\/div>\n\t\t<\/div>\n\t\t<div class=\"qodef-e-content\">\n\t\t\t\t\t\t<div class=\"qodef-e-text\">\n\t\t\t\t<h6 itemprop=\"name\" class=\"qodef-e-title entry-title\">\n\t<a itemprop=\"url\" class=\"qodef-e-title-link\" href=\"https:\/\/www.atrium-apartments.cz\/en\/kolonie-apartments\/\">\n\t\tKolonie apartments\t<\/a>\n<\/h6>\n\t\t<p itemprop=\"description\" class=\"qodef-e-excerpt\">\n\t\t\tNov\u00e9 ubytov\u00e1n\u00ed v apartm\u00e1nech s vybaven\u00fdmi kuchy\u0148kami a vlastn\u00edm hygienick\u00fdm z\u00e1zem\u00edm v unik\u00e1tn\u00ed\nfunkcionalistick\u00e9 vile, kter\u00e1 je sou\u010d\u00e1st\u00ed kolonie Nov\u00fd d\u016fm situovan\u00e9 pod Wilsonov\u00fdm lesem v Brn\u011b - \u017dabov\u0159esk\u00e1ch.\t\t<\/p>\n\t\t\t\t<\/div>\n\t\t\t\t\t\t\t<div class=\"qodef-e-info qodef-info--bottom\">\n\t\t\t\t\t\t<div class=\"qodef-e-read-more\">\n\t\t<a class=\"qodef-shortcode qodef-m qodef-qi-button qodef-html--link qodef-layout--filled qodef-type--icon-boxed qodef-icon--right qodef-hover--icon-move-horizontal-short\" href=\"https:\/\/www.atrium-apartments.cz\/en\/kolonie-apartments\/\" target=\"_self\">\t<span class=\"qodef-m-text\">See more<\/span>\t<\/a>\t<\/div>\n\t\t\t\t<\/div>\n\t\t\t\t\t<\/div>\n\t<\/div>\n<\/article>\n<article class=\"qodef-e qodef-blog-item qodef-grid-item qodef-item--full post-8949 post type-post status-publish format-standard has-post-thumbnail hentry category-uncategorized\">\n\t<div class=\"qodef-e-inner\">\n\t\t<div class=\"qodef-e-media-holder\">\n\t\t\t<div class=\"qodef-e-media\">\n\t\t<div class=\"qodef-e-media-image\">\n\t\t<a itemprop=\"url\" href=\"https:\/\/www.atrium-apartments.cz\/en\/atrium-apartments\/\">\n\t\t\t<img decoding=\"async\" width=\"2560\" height=\"1706\" data-src=\"https:\/\/www.atrium-apartments.cz\/wp-content\/uploads\/2021\/02\/pokoj5-scaled.jpg\" class=\"attachment-full size-full lazyload\" alt=\"\" data-srcset=\"https:\/\/www.atrium-apartments.cz\/wp-content\/uploads\/2021\/02\/pokoj5-scaled.jpg 2560w, https:\/\/www.atrium-apartments.cz\/wp-content\/uploads\/2021\/02\/pokoj5-300x200.jpg 300w, https:\/\/www.atrium-apartments.cz\/wp-content\/uploads\/2021\/02\/pokoj5-1024x682.jpg 1024w, https:\/\/www.atrium-apartments.cz\/wp-content\/uploads\/2021\/02\/pokoj5-768x512.jpg 768w, https:\/\/www.atrium-apartments.cz\/wp-content\/uploads\/2021\/02\/pokoj5-1536x1024.jpg 1536w, https:\/\/www.atrium-apartments.cz\/wp-content\/uploads\/2021\/02\/pokoj5-2048x1365.jpg 2048w, https:\/\/www.atrium-apartments.cz\/wp-content\/uploads\/2021\/02\/pokoj5-18x12.jpg 18w\" data-sizes=\"(max-width: 2560px) 100vw, 2560px\" src=\"data:image\/svg+xml;base64,PHN2ZyB3aWR0aD0iMSIgaGVpZ2h0PSIxIiB4bWxucz0iaHR0cDovL3d3dy53My5vcmcvMjAwMC9zdmciPjwvc3ZnPg==\" style=\"--smush-placeholder-width: 2560px; --smush-placeholder-aspect-ratio: 2560\/1706;\" \/>\t\t<\/a>\n\t\t\t<\/div>\n<\/div>\n\t\t<\/div>\n\t\t<div class=\"qodef-e-content\">\n\t\t\t\t\t\t<div class=\"qodef-e-text\">\n\t\t\t\t<h6 itemprop=\"name\" class=\"qodef-e-title entry-title\">\n\t<a itemprop=\"url\" class=\"qodef-e-title-link\" href=\"https:\/\/www.atrium-apartments.cz\/en\/atrium-apartments\/\">\n\t\tAtrium apartments\t<\/a>\n<\/h6>\n\t\t<p itemprop=\"description\" class=\"qodef-e-excerpt\">\n\t\t\tWe are offering comfortable short-term accommodation in fully furnished suites in the very centre of Brno. In the immediate vicinity of the historic centre with \u0160pilberk Castle and St Peter and Paul Cathedral, not far from Brno Exhibition Grounds.\t\t<\/p>\n\t\t\t\t<\/div>\n\t\t\t\t\t\t\t<div class=\"qodef-e-info qodef-info--bottom\">\n\t\t\t\t\t\t<div class=\"qodef-e-read-more\">\n\t\t<a class=\"qodef-shortcode qodef-m qodef-qi-button qodef-html--link qodef-layout--filled qodef-type--icon-boxed qodef-icon--right qodef-hover--icon-move-horizontal-short\" href=\"https:\/\/www.atrium-apartments.cz\/en\/atrium-apartments\/\" target=\"_self\">\t<span class=\"qodef-m-text\">See more<\/span>\t<\/a>\t<\/div>\n\t\t\t\t<\/div>\n\t\t\t\t\t<\/div>\n\t<\/div>\n<\/article>\n<article class=\"qodef-e qodef-blog-item qodef-grid-item qodef-item--full post-11807 post type-post status-publish format-standard has-post-thumbnail hentry category-uncategorized\">\n\t<div class=\"qodef-e-inner\">\n\t\t<div class=\"qodef-e-media-holder\">\n\t\t\t<div class=\"qodef-e-media\">\n\t\t<div class=\"qodef-e-media-image\">\n\t\t<a itemprop=\"url\" href=\"https:\/\/www.atrium-apartments.cz\/en\/postira-apartments\/\">\n\t\t\t<img decoding=\"async\" width=\"2560\" height=\"1702\" data-src=\"https:\/\/www.atrium-apartments.cz\/wp-content\/uploads\/2020\/10\/oby\u0301va\u0301k3-scaled.jpg\" class=\"attachment-full size-full lazyload\" alt=\"\" data-srcset=\"https:\/\/www.atrium-apartments.cz\/wp-content\/uploads\/2020\/10\/oby\u0301va\u0301k3-scaled.jpg 2560w, https:\/\/www.atrium-apartments.cz\/wp-content\/uploads\/2020\/10\/oby\u0301va\u0301k3-300x199.jpg 300w, https:\/\/www.atrium-apartments.cz\/wp-content\/uploads\/2020\/10\/oby\u0301va\u0301k3-1024x681.jpg 1024w, https:\/\/www.atrium-apartments.cz\/wp-content\/uploads\/2020\/10\/oby\u0301va\u0301k3-768x511.jpg 768w, https:\/\/www.atrium-apartments.cz\/wp-content\/uploads\/2020\/10\/oby\u0301va\u0301k3-1536x1021.jpg 1536w, https:\/\/www.atrium-apartments.cz\/wp-content\/uploads\/2020\/10\/oby\u0301va\u0301k3-2048x1362.jpg 2048w, https:\/\/www.atrium-apartments.cz\/wp-content\/uploads\/2020\/10\/oby\u0301va\u0301k3-18x12.jpg 18w\" data-sizes=\"(max-width: 2560px) 100vw, 2560px\" src=\"data:image\/svg+xml;base64,PHN2ZyB3aWR0aD0iMSIgaGVpZ2h0PSIxIiB4bWxucz0iaHR0cDovL3d3dy53My5vcmcvMjAwMC9zdmciPjwvc3ZnPg==\" style=\"--smush-placeholder-width: 2560px; --smush-placeholder-aspect-ratio: 2560\/1702;\" \/>\t\t<\/a>\n\t\t\t<\/div>\n<\/div>\n\t\t<\/div>\n\t\t<div class=\"qodef-e-content\">\n\t\t\t\t\t\t<div class=\"qodef-e-text\">\n\t\t\t\t<h6 itemprop=\"name\" class=\"qodef-e-title entry-title\">\n\t<a itemprop=\"url\" class=\"qodef-e-title-link\" href=\"https:\/\/www.atrium-apartments.cz\/en\/postira-apartments\/\">\n\t\tPostira apartments\t<\/a>\n<\/h6>\n\t\t<p itemprop=\"description\" class=\"qodef-e-excerpt\">\n\t\t\tWe are offering for rent air-conditioned apartments at the Adriatic Sea, on the Croatian island of Bra\u010d. Modern, comfortably furnished and equipped apartments are located in the village of Postira. They differ in size and have a garden or terrace overlooking the sea with a view of Split in the distance.\t\t<\/p>\n\t\t\t\t<\/div>\n\t\t\t\t\t\t\t<div class=\"qodef-e-info qodef-info--bottom\">\n\t\t\t\t\t\t<div class=\"qodef-e-read-more\">\n\t\t<a class=\"qodef-shortcode qodef-m qodef-qi-button qodef-html--link qodef-layout--filled qodef-type--icon-boxed qodef-icon--right qodef-hover--icon-move-horizontal-short\" href=\"https:\/\/www.atrium-apartments.cz\/en\/postira-apartments\/\" target=\"_self\">\t<span class=\"qodef-m-text\">See more<\/span>\t<\/a>\t<\/div>\n\t\t\t\t<\/div>\n\t\t\t\t\t<\/div>\n\t<\/div>\n<\/article>\n<article class=\"qodef-e qodef-blog-item qodef-grid-item qodef-item--full post-11962 post type-post status-publish format-standard has-post-thumbnail hentry category-uncategorized\">\n\t<div class=\"qodef-e-inner\">\n\t\t<div class=\"qodef-e-media-holder\">\n\t\t\t<div class=\"qodef-e-media\">\n\t\t<div class=\"qodef-e-media-image\">\n\t\t<a itemprop=\"url\" href=\"https:\/\/www.atrium-apartments.cz\/en\/eskymo-chata\/\">\n\t\t\t<img decoding=\"async\" width=\"1000\" height=\"667\" data-src=\"https:\/\/www.atrium-apartments.cz\/wp-content\/uploads\/2020\/05\/chat-uprava.jpg\" class=\"attachment-full size-full lazyload\" alt=\"\" data-srcset=\"https:\/\/www.atrium-apartments.cz\/wp-content\/uploads\/2020\/05\/chat-uprava.jpg 1000w, https:\/\/www.atrium-apartments.cz\/wp-content\/uploads\/2020\/05\/chat-uprava-300x200.jpg 300w, https:\/\/www.atrium-apartments.cz\/wp-content\/uploads\/2020\/05\/chat-uprava-768x512.jpg 768w\" data-sizes=\"(max-width: 1000px) 100vw, 1000px\" src=\"data:image\/svg+xml;base64,PHN2ZyB3aWR0aD0iMSIgaGVpZ2h0PSIxIiB4bWxucz0iaHR0cDovL3d3dy53My5vcmcvMjAwMC9zdmciPjwvc3ZnPg==\" style=\"--smush-placeholder-width: 1000px; --smush-placeholder-aspect-ratio: 1000\/667;\" \/>\t\t<\/a>\n\t\t\t<\/div>\n<\/div>\n\t\t<\/div>\n\t\t<div class=\"qodef-e-content\">\n\t\t\t\t\t\t<div class=\"qodef-e-text\">\n\t\t\t\t<h6 itemprop=\"name\" class=\"qodef-e-title entry-title\">\n\t<a itemprop=\"url\" class=\"qodef-e-title-link\" href=\"https:\/\/www.atrium-apartments.cz\/en\/eskymo-chata\/\">\n\t\tMountain cabin ESKYMO\t<\/a>\n<\/h6>\n\t\t<p itemprop=\"description\" class=\"qodef-e-excerpt\">\n\t\t\tWe offer to rent a stylish mountain cabin in Hyn\u010dice pod Su\u0161inou, in the foothills of Kr\u00e1lick\u00fd Sn\u011b\u017en\u00edk. The cabin for 9 persons with a garden is situated in a quiet part of the ski resort Kr\u00e1li\u010d\u00e1k and surrounded by beautiful mountain scenery.\t\t<\/p>\n\t\t\t\t<\/div>\n\t\t\t\t\t\t\t<div class=\"qodef-e-info qodef-info--bottom\">\n\t\t\t\t\t\t<div class=\"qodef-e-read-more\">\n\t\t<a class=\"qodef-shortcode qodef-m qodef-qi-button qodef-html--link qodef-layout--filled qodef-type--icon-boxed qodef-icon--right qodef-hover--icon-move-horizontal-short\" href=\"https:\/\/www.atrium-apartments.cz\/en\/eskymo-chata\/\" target=\"_self\">\t<span class=\"qodef-m-text\">See more<\/span>\t<\/a>\t<\/div>\n\t\t\t\t<\/div>\n\t\t\t\t\t<\/div>\n\t<\/div>\n<\/article>\n\t<\/div>\n\t<\/div>\n\t\t\t\t<\/div>\n\t\t\t\t<\/div>\n\t\t\t\t<div class=\"elementor-element elementor-element-2cdcb0e elementor-widget elementor-widget-spacer\" data-id=\"2cdcb0e\" data-element_type=\"widget\" data-e-type=\"widget\" data-widget_type=\"spacer.default\">\n\t\t\t\t<div class=\"elementor-widget-container\">\n\t\t\t\t\t\t\t<div class=\"elementor-spacer\">\n\t\t\t<div class=\"elementor-spacer-inner\"><\/div>\n\t\t<\/div>\n\t\t\t\t\t\t<\/div>\n\t\t\t\t<\/div>\n\t\t\t\t\t<\/div>\n\t\t<\/div>\n\t\t\t\t\t<\/div>\n\t\t<\/section>\n\t\t\t\t<\/div>","protected":false},"excerpt":{"rendered":"<p>Atrium apartments Nab\u00edz\u00edme V\u00e1m komfortn\u00ed ubytov\u00e1n\u00ed v pln\u011b vybaven\u00fdch apartm\u00e1nech v centru Brna. V bezprost\u0159edn\u00ed bl\u00edzkosti historick\u00e9ho centra, pod hradem \u0160pilberk. V\u00edce zde Atrium flats Nab\u00edz\u00edme V\u00e1m st\u0159edn\u011bdob\u00e9 a dlouhodob\u00e9 ubytov\u00e1n\u00ed v kompletn\u011b vybaven\u00fdch bytech apartm\u00e1nov\u00e9ho typu v centru Brna. V bezprost\u0159edn\u00ed bl\u00edzkosti historick\u00e9ho centra, pod hradem \u0160pilberk. V\u00edce zde Postira apartments Postira apartments nab\u00edz\u00ed [&hellip;]<\/p>\n","protected":false},"author":1,"featured_media":0,"parent":0,"menu_order":0,"comment_status":"closed","ping_status":"closed","template":"elementor_header_footer","meta":{"_acf_changed":false,"iawp_total_views":13823,"footnotes":""},"class_list":["post-1485","page","type-page","status-publish","hentry"],"acf":[],"yoast_head":"<!-- This site is optimized with the Yoast SEO plugin v27.2 - https:\/\/yoast.com\/product\/yoast-seo-wordpress\/ -->\n<title>Homepage - Atrium Apartments<\/title>\n<meta name=\"robots\" content=\"index, follow, max-snippet:-1, max-image-preview:large, max-video-preview:-1\" \/>\n<link rel=\"canonical\" href=\"https:\/\/www.atrium-apartments.cz\/en\/\" \/>\n<meta property=\"og:locale\" content=\"en_US\" \/>\n<meta property=\"og:type\" content=\"article\" \/>\n<meta property=\"og:title\" content=\"Homepage - Atrium Apartments\" \/>\n<meta property=\"og:description\" content=\"Atrium apartments Nab\u00edz\u00edme V\u00e1m komfortn\u00ed ubytov\u00e1n\u00ed v pln\u011b vybaven\u00fdch apartm\u00e1nech v centru Brna. V bezprost\u0159edn\u00ed bl\u00edzkosti historick\u00e9ho centra, pod hradem \u0160pilberk. V\u00edce zde Atrium flats Nab\u00edz\u00edme V\u00e1m st\u0159edn\u011bdob\u00e9 a dlouhodob\u00e9 ubytov\u00e1n\u00ed v kompletn\u011b vybaven\u00fdch bytech apartm\u00e1nov\u00e9ho typu v centru Brna. V bezprost\u0159edn\u00ed bl\u00edzkosti historick\u00e9ho centra, pod hradem \u0160pilberk. V\u00edce zde Postira apartments Postira apartments nab\u00edz\u00ed [&hellip;]\" \/>\n<meta property=\"og:url\" content=\"https:\/\/www.atrium-apartments.cz\/en\/\" \/>\n<meta property=\"og:site_name\" content=\"Atrium Apartments\" \/>\n<meta property=\"article:modified_time\" content=\"2021-12-03T09:21:30+00:00\" \/>\n<meta property=\"og:image\" content=\"https:\/\/www.atrium-apartments.cz\/wp-content\/uploads\/2021\/02\/pokoj5-scaled.jpg\" \/>\n<meta name=\"twitter:card\" content=\"summary_large_image\" \/>\n<meta name=\"twitter:label1\" content=\"Est. reading time\" \/>\n\t<meta name=\"twitter:data1\" content=\"1 minute\" \/>\n<script type=\"application\/ld+json\" class=\"yoast-schema-graph\">{\"@context\":\"https:\/\/schema.org\",\"@graph\":[{\"@type\":\"WebPage\",\"@id\":\"https:\/\/www.atrium-apartments.cz\/\",\"url\":\"https:\/\/www.atrium-apartments.cz\/\",\"name\":\"Homepage - Atrium Apartments\",\"isPartOf\":{\"@id\":\"https:\/\/www.atrium-apartments.cz\/#website\"},\"primaryImageOfPage\":{\"@id\":\"https:\/\/www.atrium-apartments.cz\/#primaryimage\"},\"image\":{\"@id\":\"https:\/\/www.atrium-apartments.cz\/#primaryimage\"},\"thumbnailUrl\":\"https:\/\/www.atrium-apartments.cz\/wp-content\/uploads\/2021\/02\/pokoj5-scaled.jpg\",\"datePublished\":\"2020-11-23T11:53:41+00:00\",\"dateModified\":\"2021-12-03T09:21:30+00:00\",\"breadcrumb\":{\"@id\":\"https:\/\/www.atrium-apartments.cz\/#breadcrumb\"},\"inLanguage\":\"en-US\",\"potentialAction\":[{\"@type\":\"ReadAction\",\"target\":[\"https:\/\/www.atrium-apartments.cz\/\"]}]},{\"@type\":\"ImageObject\",\"inLanguage\":\"en-US\",\"@id\":\"https:\/\/www.atrium-apartments.cz\/#primaryimage\",\"url\":\"https:\/\/www.atrium-apartments.cz\/wp-content\/uploads\/2021\/02\/pokoj5-scaled.jpg\",\"contentUrl\":\"https:\/\/www.atrium-apartments.cz\/wp-content\/uploads\/2021\/02\/pokoj5-scaled.jpg\"},{\"@type\":\"BreadcrumbList\",\"@id\":\"https:\/\/www.atrium-apartments.cz\/#breadcrumb\",\"itemListElement\":[{\"@type\":\"ListItem\",\"position\":1,\"name\":\"Dom\u016f\",\"item\":\"https:\/\/www.atrium-apartments.cz\/\"},{\"@type\":\"ListItem\",\"position\":2,\"name\":\"Homepage\"}]},{\"@type\":\"WebSite\",\"@id\":\"https:\/\/www.atrium-apartments.cz\/#website\",\"url\":\"https:\/\/www.atrium-apartments.cz\/\",\"name\":\"Atrium Apartments\",\"description\":\"\",\"potentialAction\":[{\"@type\":\"SearchAction\",\"target\":{\"@type\":\"EntryPoint\",\"urlTemplate\":\"https:\/\/www.atrium-apartments.cz\/?s={search_term_string}\"},\"query-input\":{\"@type\":\"PropertyValueSpecification\",\"valueRequired\":true,\"valueName\":\"search_term_string\"}}],\"inLanguage\":\"en-US\"}]}<\/script>\n<!-- \/ Yoast SEO plugin. -->","yoast_head_json":{"title":"Homepage - Atrium Apartments","robots":{"index":"index","follow":"follow","max-snippet":"max-snippet:-1","max-image-preview":"max-image-preview:large","max-video-preview":"max-video-preview:-1"},"canonical":"https:\/\/www.atrium-apartments.cz\/en\/","og_locale":"en_US","og_type":"article","og_title":"Homepage - Atrium Apartments","og_description":"Atrium apartments Nab\u00edz\u00edme V\u00e1m komfortn\u00ed ubytov\u00e1n\u00ed v pln\u011b vybaven\u00fdch apartm\u00e1nech v centru Brna. V bezprost\u0159edn\u00ed bl\u00edzkosti historick\u00e9ho centra, pod hradem \u0160pilberk. V\u00edce zde Atrium flats Nab\u00edz\u00edme V\u00e1m st\u0159edn\u011bdob\u00e9 a dlouhodob\u00e9 ubytov\u00e1n\u00ed v kompletn\u011b vybaven\u00fdch bytech apartm\u00e1nov\u00e9ho typu v centru Brna. V bezprost\u0159edn\u00ed bl\u00edzkosti historick\u00e9ho centra, pod hradem \u0160pilberk. V\u00edce zde Postira apartments Postira apartments nab\u00edz\u00ed [&hellip;]","og_url":"https:\/\/www.atrium-apartments.cz\/en\/","og_site_name":"Atrium Apartments","article_modified_time":"2021-12-03T09:21:30+00:00","og_image":[{"url":"https:\/\/www.atrium-apartments.cz\/wp-content\/uploads\/2021\/02\/pokoj5-scaled.jpg","type":"","width":"","height":""}],"twitter_card":"summary_large_image","twitter_misc":{"Est. reading time":"1 minute"},"schema":{"@context":"https:\/\/schema.org","@graph":[{"@type":"WebPage","@id":"https:\/\/www.atrium-apartments.cz\/","url":"https:\/\/www.atrium-apartments.cz\/","name":"Homepage - Atrium Apartments","isPartOf":{"@id":"https:\/\/www.atrium-apartments.cz\/#website"},"primaryImageOfPage":{"@id":"https:\/\/www.atrium-apartments.cz\/#primaryimage"},"image":{"@id":"https:\/\/www.atrium-apartments.cz\/#primaryimage"},"thumbnailUrl":"https:\/\/www.atrium-apartments.cz\/wp-content\/uploads\/2021\/02\/pokoj5-scaled.jpg","datePublished":"2020-11-23T11:53:41+00:00","dateModified":"2021-12-03T09:21:30+00:00","breadcrumb":{"@id":"https:\/\/www.atrium-apartments.cz\/#breadcrumb"},"inLanguage":"en-US","potentialAction":[{"@type":"ReadAction","target":["https:\/\/www.atrium-apartments.cz\/"]}]},{"@type":"ImageObject","inLanguage":"en-US","@id":"https:\/\/www.atrium-apartments.cz\/#primaryimage","url":"https:\/\/www.atrium-apartments.cz\/wp-content\/uploads\/2021\/02\/pokoj5-scaled.jpg","contentUrl":"https:\/\/www.atrium-apartments.cz\/wp-content\/uploads\/2021\/02\/pokoj5-scaled.jpg"},{"@type":"BreadcrumbList","@id":"https:\/\/www.atrium-apartments.cz\/#breadcrumb","itemListElement":[{"@type":"ListItem","position":1,"name":"Dom\u016f","item":"https:\/\/www.atrium-apartments.cz\/"},{"@type":"ListItem","position":2,"name":"Homepage"}]},{"@type":"WebSite","@id":"https:\/\/www.atrium-apartments.cz\/#website","url":"https:\/\/www.atrium-apartments.cz\/","name":"Atrium Apartments","description":"","potentialAction":[{"@type":"SearchAction","target":{"@type":"EntryPoint","urlTemplate":"https:\/\/www.atrium-apartments.cz\/?s={search_term_string}"},"query-input":{"@type":"PropertyValueSpecification","valueRequired":true,"valueName":"search_term_string"}}],"inLanguage":"en-US"}]}},"_links":{"self":[{"href":"https:\/\/www.atrium-apartments.cz\/en\/wp-json\/wp\/v2\/pages\/1485","targetHints":{"allow":["GET"]}}],"collection":[{"href":"https:\/\/www.atrium-apartments.cz\/en\/wp-json\/wp\/v2\/pages"}],"about":[{"href":"https:\/\/www.atrium-apartments.cz\/en\/wp-json\/wp\/v2\/types\/page"}],"author":[{"embeddable":true,"href":"https:\/\/www.atrium-apartments.cz\/en\/wp-json\/wp\/v2\/users\/1"}],"replies":[{"embeddable":true,"href":"https:\/\/www.atrium-apartments.cz\/en\/wp-json\/wp\/v2\/comments?post=1485"}],"version-history":[{"count":150,"href":"https:\/\/www.atrium-apartments.cz\/en\/wp-json\/wp\/v2\/pages\/1485\/revisions"}],"predecessor-version":[{"id":12711,"href":"https:\/\/www.atrium-apartments.cz\/en\/wp-json\/wp\/v2\/pages\/1485\/revisions\/12711"}],"wp:attachment":[{"href":"https:\/\/www.atrium-apartments.cz\/en\/wp-json\/wp\/v2\/media?parent=1485"}],"curies":[{"name":"wp","href":"https:\/\/api.w.org\/{rel}","templated":true}]}}