{"id":12133,"date":"2021-11-30T12:45:55","date_gmt":"2021-11-30T12:45:55","guid":{"rendered":"https:\/\/www.atrium-apartments.cz\/?page_id=12133"},"modified":"2021-11-30T14:09:02","modified_gmt":"2021-11-30T14:09:02","slug":"rezervace","status":"publish","type":"page","link":"https:\/\/www.atrium-apartments.cz\/en\/rezervace\/","title":{"rendered":"reservation"},"content":{"rendered":"<div class=\"wpforms-container wpforms-container-full wpforms-block\" id=\"wpforms-12132\"><form id=\"wpforms-form-12132\" class=\"wpforms-validate wpforms-form wpforms-ajax-form\" data-formid=\"12132\" method=\"post\" enctype=\"multipart\/form-data\" action=\"\/en\/wp-json\/wp\/v2\/pages\/12133\" data-token=\"51628fec688e81890901fe41edf75c82\" data-token-time=\"1778730321\"><noscript class=\"wpforms-error-noscript\">Please enable JavaScript in your browser to complete this form.<\/noscript><div class=\"wpforms-field-container\"><div id=\"wpforms-12132-field_3-container\" class=\"wpforms-field wpforms-field-text\" data-field-id=\"3\"><label class=\"wpforms-field-label\" for=\"wpforms-12132-field_3\">Rezervace pro <span class=\"wpforms-required-label\">*<\/span><\/label><input type=\"text\" id=\"wpforms-12132-field_3\" class=\"wpforms-field-medium wpforms-field-required\" name=\"wpforms[fields][3]\" required><\/div><div id=\"wpforms-12132-field_0-container\" class=\"wpforms-field wpforms-field-name\" data-field-id=\"0\"><label class=\"wpforms-field-label\" for=\"wpforms-12132-field_0\">Jm\u00e9no a p\u0159\u00edjmen\u00ed <span class=\"wpforms-required-label\">*<\/span><\/label><input type=\"text\" id=\"wpforms-12132-field_0\" class=\"wpforms-field-medium wpforms-field-required\" name=\"wpforms[fields][0]\" required><\/div><div id=\"wpforms-12132-field_1-container\" class=\"wpforms-field wpforms-field-email\" data-field-id=\"1\"><label class=\"wpforms-field-label\" for=\"wpforms-12132-field_1\">E-mail <span class=\"wpforms-required-label\">*<\/span><\/label><input type=\"email\" id=\"wpforms-12132-field_1\" class=\"wpforms-field-medium wpforms-field-required\" name=\"wpforms[fields][1]\" spellcheck=\"false\" required><\/div><div id=\"wpforms-12132-field_7-container\" class=\"wpforms-field wpforms-field-text\" data-field-id=\"7\"><label class=\"wpforms-field-label\" for=\"wpforms-12132-field_7\">Telefonn\u00ed \u010d\u00edslo<\/label><input type=\"text\" id=\"wpforms-12132-field_7\" class=\"wpforms-field-small\" name=\"wpforms[fields][7]\" value=\"+420 \" ><\/div><div id=\"wpforms-12132-field_10-container\" class=\"wpforms-field wpforms-field-text\" data-field-id=\"10\"><label class=\"wpforms-field-label\" for=\"wpforms-12132-field_10\">Po\u017eadovan\u00fd term\u00edn<\/label><input type=\"text\" id=\"wpforms-12132-field_10\" class=\"wpforms-field-small\" name=\"wpforms[fields][10]\" ><\/div><div id=\"wpforms-12132-field_2-container\" class=\"wpforms-field wpforms-field-textarea\" data-field-id=\"2\"><label class=\"wpforms-field-label\" for=\"wpforms-12132-field_2\">M\u00edsto pro va\u0161e dotazy \u010di p\u0159ipom\u00ednky:<\/label><textarea id=\"wpforms-12132-field_2\" class=\"wpforms-field-medium\" name=\"wpforms[fields][2]\" ><\/textarea><\/div><\/div><!-- .wpforms-field-container --><div class=\"wpforms-submit-container\" ><input type=\"hidden\" name=\"wpforms[id]\" value=\"12132\"><input type=\"hidden\" name=\"page_title\" value=\"\"><input type=\"hidden\" name=\"page_url\" value=\"https:\/\/www.atrium-apartments.cz\/en\/wp-json\/wp\/v2\/pages\/12133\"><input type=\"hidden\" name=\"url_referer\" value=\"\"><button type=\"submit\" name=\"wpforms[submit]\" id=\"wpforms-submit-12132\" class=\"wpforms-submit\" data-alt-text=\"Pos\u00edl\u00e1m...\" data-submit-text=\"Odeslat\" aria-live=\"assertive\" value=\"wpforms-submit\">Odeslat<\/button><img decoding=\"async\" data-src=\"https:\/\/www.atrium-apartments.cz\/wp-content\/plugins\/wpforms-lite\/assets\/images\/submit-spin.svg\" class=\"wpforms-submit-spinner lazyload\" style=\"--smush-placeholder-width: 26px; --smush-placeholder-aspect-ratio: 26\/26;display: none;\" width=\"26\" height=\"26\" alt=\"Loading\" src=\"data:image\/svg+xml;base64,PHN2ZyB3aWR0aD0iMSIgaGVpZ2h0PSIxIiB4bWxucz0iaHR0cDovL3d3dy53My5vcmcvMjAwMC9zdmciPjwvc3ZnPg==\"><\/div><\/form><\/div>  <!-- .wpforms-container -->","protected":false},"excerpt":{"rendered":"","protected":false},"author":1,"featured_media":0,"parent":0,"menu_order":0,"comment_status":"closed","ping_status":"closed","template":"","meta":{"_acf_changed":false,"iawp_total_views":3693,"footnotes":""},"class_list":["post-12133","page","type-page","status-publish","hentry"],"acf":[],"yoast_head":"<!-- This site is optimized with the Yoast SEO plugin v27.2 - https:\/\/yoast.com\/product\/yoast-seo-wordpress\/ -->\n<title>rezervace - Atrium Apartments<\/title>\n<meta name=\"robots\" content=\"index, follow, max-snippet:-1, max-image-preview:large, max-video-preview:-1\" \/>\n<link rel=\"canonical\" href=\"https:\/\/www.atrium-apartments.cz\/en\/rezervace\/\" \/>\n<meta property=\"og:locale\" content=\"en_US\" \/>\n<meta property=\"og:type\" content=\"article\" \/>\n<meta property=\"og:title\" content=\"rezervace - Atrium Apartments\" \/>\n<meta property=\"og:url\" content=\"https:\/\/www.atrium-apartments.cz\/en\/rezervace\/\" \/>\n<meta property=\"og:site_name\" content=\"Atrium Apartments\" \/>\n<meta property=\"article:modified_time\" content=\"2021-11-30T14:09:02+00:00\" \/>\n<meta name=\"twitter:card\" content=\"summary_large_image\" \/>\n<script type=\"application\/ld+json\" class=\"yoast-schema-graph\">{\"@context\":\"https:\/\/schema.org\",\"@graph\":[{\"@type\":\"WebPage\",\"@id\":\"https:\/\/www.atrium-apartments.cz\/en\/rezervace\/\",\"url\":\"https:\/\/www.atrium-apartments.cz\/en\/rezervace\/\",\"name\":\"rezervace - Atrium Apartments\",\"isPartOf\":{\"@id\":\"https:\/\/www.atrium-apartments.cz\/#website\"},\"datePublished\":\"2021-11-30T12:45:55+00:00\",\"dateModified\":\"2021-11-30T14:09:02+00:00\",\"breadcrumb\":{\"@id\":\"https:\/\/www.atrium-apartments.cz\/en\/rezervace\/#breadcrumb\"},\"inLanguage\":\"en-US\",\"potentialAction\":[{\"@type\":\"ReadAction\",\"target\":[\"https:\/\/www.atrium-apartments.cz\/en\/rezervace\/\"]}]},{\"@type\":\"BreadcrumbList\",\"@id\":\"https:\/\/www.atrium-apartments.cz\/en\/rezervace\/#breadcrumb\",\"itemListElement\":[{\"@type\":\"ListItem\",\"position\":1,\"name\":\"Dom\u016f\",\"item\":\"https:\/\/www.atrium-apartments.cz\/\"},{\"@type\":\"ListItem\",\"position\":2,\"name\":\"rezervace\"}]},{\"@type\":\"WebSite\",\"@id\":\"https:\/\/www.atrium-apartments.cz\/#website\",\"url\":\"https:\/\/www.atrium-apartments.cz\/\",\"name\":\"Atrium Apartments\",\"description\":\"\",\"potentialAction\":[{\"@type\":\"SearchAction\",\"target\":{\"@type\":\"EntryPoint\",\"urlTemplate\":\"https:\/\/www.atrium-apartments.cz\/?s={search_term_string}\"},\"query-input\":{\"@type\":\"PropertyValueSpecification\",\"valueRequired\":true,\"valueName\":\"search_term_string\"}}],\"inLanguage\":\"en-US\"}]}<\/script>\n<!-- \/ Yoast SEO plugin. -->","yoast_head_json":{"title":"rezervace - Atrium Apartments","robots":{"index":"index","follow":"follow","max-snippet":"max-snippet:-1","max-image-preview":"max-image-preview:large","max-video-preview":"max-video-preview:-1"},"canonical":"https:\/\/www.atrium-apartments.cz\/en\/rezervace\/","og_locale":"en_US","og_type":"article","og_title":"rezervace - Atrium Apartments","og_url":"https:\/\/www.atrium-apartments.cz\/en\/rezervace\/","og_site_name":"Atrium Apartments","article_modified_time":"2021-11-30T14:09:02+00:00","twitter_card":"summary_large_image","schema":{"@context":"https:\/\/schema.org","@graph":[{"@type":"WebPage","@id":"https:\/\/www.atrium-apartments.cz\/en\/rezervace\/","url":"https:\/\/www.atrium-apartments.cz\/en\/rezervace\/","name":"rezervace - Atrium Apartments","isPartOf":{"@id":"https:\/\/www.atrium-apartments.cz\/#website"},"datePublished":"2021-11-30T12:45:55+00:00","dateModified":"2021-11-30T14:09:02+00:00","breadcrumb":{"@id":"https:\/\/www.atrium-apartments.cz\/en\/rezervace\/#breadcrumb"},"inLanguage":"en-US","potentialAction":[{"@type":"ReadAction","target":["https:\/\/www.atrium-apartments.cz\/en\/rezervace\/"]}]},{"@type":"BreadcrumbList","@id":"https:\/\/www.atrium-apartments.cz\/en\/rezervace\/#breadcrumb","itemListElement":[{"@type":"ListItem","position":1,"name":"Dom\u016f","item":"https:\/\/www.atrium-apartments.cz\/"},{"@type":"ListItem","position":2,"name":"rezervace"}]},{"@type":"WebSite","@id":"https:\/\/www.atrium-apartments.cz\/#website","url":"https:\/\/www.atrium-apartments.cz\/","name":"Atrium Apartments","description":"","potentialAction":[{"@type":"SearchAction","target":{"@type":"EntryPoint","urlTemplate":"https:\/\/www.atrium-apartments.cz\/?s={search_term_string}"},"query-input":{"@type":"PropertyValueSpecification","valueRequired":true,"valueName":"search_term_string"}}],"inLanguage":"en-US"}]}},"_links":{"self":[{"href":"https:\/\/www.atrium-apartments.cz\/en\/wp-json\/wp\/v2\/pages\/12133","targetHints":{"allow":["GET"]}}],"collection":[{"href":"https:\/\/www.atrium-apartments.cz\/en\/wp-json\/wp\/v2\/pages"}],"about":[{"href":"https:\/\/www.atrium-apartments.cz\/en\/wp-json\/wp\/v2\/types\/page"}],"author":[{"embeddable":true,"href":"https:\/\/www.atrium-apartments.cz\/en\/wp-json\/wp\/v2\/users\/1"}],"replies":[{"embeddable":true,"href":"https:\/\/www.atrium-apartments.cz\/en\/wp-json\/wp\/v2\/comments?post=12133"}],"version-history":[{"count":13,"href":"https:\/\/www.atrium-apartments.cz\/en\/wp-json\/wp\/v2\/pages\/12133\/revisions"}],"predecessor-version":[{"id":12175,"href":"https:\/\/www.atrium-apartments.cz\/en\/wp-json\/wp\/v2\/pages\/12133\/revisions\/12175"}],"wp:attachment":[{"href":"https:\/\/www.atrium-apartments.cz\/en\/wp-json\/wp\/v2\/media?parent=12133"}],"curies":[{"name":"wp","href":"https:\/\/api.w.org\/{rel}","templated":true}]}}